{"id":3,"date":"2019-12-14T10:07:41","date_gmt":"2019-12-14T10:07:41","guid":{"rendered":"http:\/\/gedoma.de\/?page_id=3"},"modified":"2020-01-02T14:14:49","modified_gmt":"2020-01-02T13:14:49","slug":"privacy-policy","status":"publish","type":"page","link":"http:\/\/gedoma.de\/en\/privacy-policy\/","title":{"rendered":"Data protection"},"content":{"rendered":"<h2 class=\"wp-block-heading\">Wer sind wir?<\/h2>\n\n\n\n<p>http:\/\/gedoma.de.<br>Eine einzelne Privatperson: Dominik Geiler<\/p>\n\n\n\n<p><\/p>\n\n\n\n<h2 class=\"wp-block-heading\">Was passiert mit gesammelten Daten?<\/h2>\n\n\n\n<p>Es werden keine Daten gesammelt.<\/p>\n\n\n\n<h3 class=\"wp-block-heading\">Kommentare<\/h3>\n\n\n\n<p>Wenn Besucher Kommentare auf der Website hinterlassen, erfassen wir die im Kommentarformular angezeigten Daten sowie die IP-Adresse des Besuchers und die Zeichenfolge des Browser-Benutzeragenten, um die Spam-Erkennung zu unterst\u00fctzen.<\/p>\n\n\n\n<p>M\u00f6glicherweise wird dem Gravatar-Dienst eine anonymisierte Zeichenfolge zur Verf\u00fcgung gestellt, die aus Ihrer E-Mail-Adresse (auch als Hash bezeichnet) erstellt wurde, um festzustellen, ob Sie diese verwenden. Die Datenschutzrichtlinie f\u00fcr den Gravatar-Service finden Sie hier: https:\/\/automattic.com\/privacy\/. Nach der Genehmigung Ihres Kommentars ist Ihr Profilbild im Kontext Ihres Kommentars f\u00fcr die \u00d6ffentlichkeit sichtbar.<\/p>\n\n\n\n<h3 class=\"wp-block-heading\">Cookies<\/h3>\n\n\n\n<p>Wenn Sie einen Kommentar auf unserer Website hinterlassen, k\u00f6nnen Sie sich daf\u00fcr entscheiden, Ihren Namen, Ihre E-Mail-Adresse und Ihre Website in Cookies zu speichern. Diese dienen Ihrer Bequemlichkeit, damit Sie Ihre Daten nicht erneut eingeben m\u00fcssen, wenn Sie einen anderen Kommentar hinterlassen. Diese Cookies haben eine Laufzeit von einem Jahr.<\/p>\n\n\n\n<p>Wenn Sie unsere Anmeldeseite besuchen, setzen wir ein tempor\u00e4res Cookie, um festzustellen, ob Ihr Browser Cookies akzeptiert. Dieser Cookie enth\u00e4lt keine pers\u00f6nlichen Daten und wird verworfen, wenn Sie Ihren Browser schlie\u00dfen.<\/p>\n\n\n\n<p>Wenn Sie sich anmelden, richten wir auch mehrere Cookies ein, um Ihre Anmeldeinformationen und Ihre Bildschirmanzeigeoptionen zu speichern. Anmeldecookies sind zwei Tage lang g\u00fcltig, und Bildschirmoptionscookies sind ein Jahr lang g\u00fcltig. Wenn Sie &#8220;Angemeldet bleiben&#8221; ausw\u00e4hlen, bleibt Ihre Anmeldung zwei Wochen lang bestehen. Wenn Sie sich von Ihrem Konto abmelden, werden die Anmelde-Cookies entfernt.<\/p>\n\n\n\n<p>Wenn Sie einen Artikel bearbeiten oder ver\u00f6ffentlichen, wird ein zus\u00e4tzliches Cookie in Ihrem Browser gespeichert. Dieses Cookie enth\u00e4lt keine personenbezogenen Daten und gibt lediglich die Beitrags-ID des gerade bearbeiteten Artikels an. Es l\u00e4uft nach 1 Tag ab.<\/p>\n\n\n\n<h3 class=\"wp-block-heading\">Eingebundener Inhalt anderer Seiten<\/h3>\n\n\n\n<p>Artikel auf dieser Website k\u00f6nnen eingebetteten Inhalt enthalten (z. B. Videos, Bilder, Artikel usw.). Eingebettete Inhalte von anderen Websites verhalten sich genauso, als h\u00e4tte der Besucher die andere Website besucht.<\/p>\n\n\n\n<p>Diese Websites k\u00f6nnen Daten \u00fcber Sie sammeln, Cookies verwenden, zus\u00e4tzliches Tracking von Drittanbietern einbetten und Ihre Interaktion mit diesem eingebetteten Inhalt \u00fcberwachen, einschlie\u00dflich der Verfolgung Ihrer Interaktion mit dem eingebetteten Inhalt, wenn Sie \u00fcber ein Konto verf\u00fcgen und auf dieser Website angemeldet sind.<\/p>\n\n\n\n<h2 class=\"wp-block-heading\"> <br>Wie lange werden Ihre Daten gespeichert? <\/h2>\n\n\n\n<p>Wenn Sie einen Kommentar hinterlassen, bleiben der Kommentar und seine Metadaten auf unbestimmte Zeit erhalten. Auf diese Weise k\u00f6nnen wir alle nachfolgenden Kommentare automatisch erkennen und genehmigen, anstatt sie in einer Moderationswarteschlange zu speichern.<\/p>\n\n\n\n<p> <br>F\u00fcr Benutzer, die sich auf unserer Website registrieren (falls vorhanden), speichern wir auch die von ihnen angegebenen pers\u00f6nlichen Informationen in ihrem Benutzerprofil. Alle Benutzer k\u00f6nnen ihre pers\u00f6nlichen Informationen jederzeit anzeigen, bearbeiten oder l\u00f6schen (au\u00dfer sie k\u00f6nnen ihren Benutzernamen nicht \u00e4ndern). Website-Administratoren k\u00f6nnen diese Informationen auch anzeigen und bearbeiten. <\/p>\n\n\n\n<h2 class=\"wp-block-heading\">Welche Rechte haben Sie an Ihren Daten?<\/h2>\n\n\n\n<p>Wenn Sie ein Konto auf dieser Website haben oder Kommentare hinterlassen haben, k\u00f6nnen Sie eine exportierte Datei mit den pers\u00f6nlichen Daten anfordern, die wir \u00fcber Sie gespeichert haben, einschlie\u00dflich aller Daten, die Sie uns zur Verf\u00fcgung gestellt haben. Sie k\u00f6nnen auch verlangen, dass wir alle personenbezogenen Daten l\u00f6schen, die wir \u00fcber Sie gespeichert haben. Dies schlie\u00dft keine Daten ein, die wir zu administrativen, rechtlichen oder Sicherheitszwecken aufbewahren m\u00fcssen.<\/p>\n\n\n\n<h2 class=\"wp-block-heading\">Wohin werden Ihre Daten gesendet?<\/h2>\n\n\n\n<p> <br>Besucherkommentare k\u00f6nnen \u00fcber einen automatischen Spam-Erkennungsdienst \u00fcberpr\u00fcft werden. <\/p>","protected":false},"excerpt":{"rendered":"<p>Wer sind wir? http:\/\/gedoma.de.Eine einzelne Privatperson: Dominik Geiler Was passiert mit gesammelten Daten? Es werden keine Daten gesammelt. Kommentare Wenn Besucher Kommentare auf der Website hinterlassen, erfassen wir die im Kommentarformular angezeigten Daten sowie die IP-Adresse des Besuchers und die Zeichenfolge des Browser-Benutzeragenten, um die Spam-Erkennung zu unterst\u00fctzen. M\u00f6glicherweise wird dem Gravatar-Dienst eine anonymisierte Zeichenfolge [&hellip;]<\/p>","protected":false},"author":1,"featured_media":0,"parent":0,"menu_order":0,"comment_status":"closed","ping_status":"open","template":"","meta":{"footnotes":""},"class_list":["post-3","page","type-page","status-publish","hentry"],"_links":{"self":[{"href":"http:\/\/gedoma.de\/en\/wp-json\/wp\/v2\/pages\/3","targetHints":{"allow":["GET"]}}],"collection":[{"href":"http:\/\/gedoma.de\/en\/wp-json\/wp\/v2\/pages"}],"about":[{"href":"http:\/\/gedoma.de\/en\/wp-json\/wp\/v2\/types\/page"}],"author":[{"embeddable":true,"href":"http:\/\/gedoma.de\/en\/wp-json\/wp\/v2\/users\/1"}],"replies":[{"embeddable":true,"href":"http:\/\/gedoma.de\/en\/wp-json\/wp\/v2\/comments?post=3"}],"version-history":[{"count":2,"href":"http:\/\/gedoma.de\/en\/wp-json\/wp\/v2\/pages\/3\/revisions"}],"predecessor-version":[{"id":57,"href":"http:\/\/gedoma.de\/en\/wp-json\/wp\/v2\/pages\/3\/revisions\/57"}],"wp:attachment":[{"href":"http:\/\/gedoma.de\/en\/wp-json\/wp\/v2\/media?parent=3"}],"curies":[{"name":"wp","href":"https:\/\/api.w.org\/{rel}","templated":true}]}}